{"id":70,"date":"2026-02-05T11:23:32","date_gmt":"2026-02-05T11:23:32","guid":{"rendered":"http:\/\/automobilklubtorunski.pl\/atwp\/?page_id=70"},"modified":"2026-02-05T11:33:15","modified_gmt":"2026-02-05T11:33:15","slug":"statut","status":"publish","type":"page","link":"https:\/\/automobilklubtorunski.pl\/atwp\/statut\/","title":{"rendered":"Statut"},"content":{"rendered":"\n<p>Statut Automobilklubu Toru\u0144skiego okre\u015bla m.in.:<br>&#8211; cele i zadania<br>&#8211; obowi\u0105zki i prawa cz\u0142nk\u00f3w<br>&#8211; wyr\u00f3\u017cnienia i kary<br>&#8211; w\u0142adze Automobilklubu<\/p>\n\n\n\n<p>Tre\u015b\u0107 statutu mo\u017cna pobra\u0107 w formacie pdf, klikaj\u0105c na poni\u017cszy link:<br><a href=\"https:\/\/www.automobilklubtorunski.pl\/pdfy\/statut2023.06.19.pdf\" data-type=\"link\" data-id=\"https:\/\/www.automobilklubtorunski.pl\/pdfy\/statut2023.06.19.pdf\" target=\"_blank\" rel=\"noreferrer noopener\">STATUT.PDF<\/a><\/p>\n\n\n\n<p><\/p>\n","protected":false},"excerpt":{"rendered":"<p>Statut Automobilklubu Toru\u0144skiego okre\u015bla m.in.:&#8211; cele i zadania&#8211; obowi\u0105zki i prawa cz\u0142nk\u00f3w&#8211; wyr\u00f3\u017cnienia i kary&#8211; w\u0142adze Automobilklubu Tre\u015b\u0107 statutu mo\u017cna pobra\u0107 w formacie pdf, klikaj\u0105c na poni\u017cszy link:STATUT.PDF<\/p>\n","protected":false},"author":1,"featured_media":0,"parent":0,"menu_order":0,"comment_status":"closed","ping_status":"closed","template":"","meta":{"footnotes":""},"class_list":["post-70","page","type-page","status-publish","hentry"],"_links":{"self":[{"href":"https:\/\/automobilklubtorunski.pl\/atwp\/wp-json\/wp\/v2\/pages\/70","targetHints":{"allow":["GET"]}}],"collection":[{"href":"https:\/\/automobilklubtorunski.pl\/atwp\/wp-json\/wp\/v2\/pages"}],"about":[{"href":"https:\/\/automobilklubtorunski.pl\/atwp\/wp-json\/wp\/v2\/types\/page"}],"author":[{"embeddable":true,"href":"https:\/\/automobilklubtorunski.pl\/atwp\/wp-json\/wp\/v2\/users\/1"}],"replies":[{"embeddable":true,"href":"https:\/\/automobilklubtorunski.pl\/atwp\/wp-json\/wp\/v2\/comments?post=70"}],"version-history":[{"count":4,"href":"https:\/\/automobilklubtorunski.pl\/atwp\/wp-json\/wp\/v2\/pages\/70\/revisions"}],"predecessor-version":[{"id":78,"href":"https:\/\/automobilklubtorunski.pl\/atwp\/wp-json\/wp\/v2\/pages\/70\/revisions\/78"}],"wp:attachment":[{"href":"https:\/\/automobilklubtorunski.pl\/atwp\/wp-json\/wp\/v2\/media?parent=70"}],"curies":[{"name":"wp","href":"https:\/\/api.w.org\/{rel}","templated":true}]}}