{"id":69,"date":"2026-02-05T11:23:31","date_gmt":"2026-02-05T11:23:31","guid":{"rendered":"http:\/\/automobilklubtorunski.pl\/atwp\/?page_id=69"},"modified":"2026-03-23T11:44:40","modified_gmt":"2026-03-23T11:44:40","slug":"karta-czlonkowska","status":"publish","type":"page","link":"https:\/\/automobilklubtorunski.pl\/atwp\/karta-czlonkowska\/","title":{"rendered":"Karta cz\u0142onkowska \/ sk\u0142adki"},"content":{"rendered":"\n<div class=\"wp-block-media-text is-stacked-on-mobile\" style=\"grid-template-columns:34% auto\"><figure class=\"wp-block-media-text__media\"><img loading=\"lazy\" decoding=\"async\" width=\"860\" height=\"458\" src=\"http:\/\/automobilklubtorunski.pl\/atwp\/wp-content\/uploads\/2026\/02\/atback.png\" alt=\"\" class=\"wp-image-92 size-full\" srcset=\"https:\/\/automobilklubtorunski.pl\/atwp\/wp-content\/uploads\/2026\/02\/atback.png 860w, https:\/\/automobilklubtorunski.pl\/atwp\/wp-content\/uploads\/2026\/02\/atback-300x160.png 300w, https:\/\/automobilklubtorunski.pl\/atwp\/wp-content\/uploads\/2026\/02\/atback-768x409.png 768w\" sizes=\"auto, (max-width: 860px) 100vw, 860px\" \/><\/figure><div class=\"wp-block-media-text__content\">\n<p><strong>Wysoko\u015b\u0107 sk\u0142adek<\/strong>: <br>&#8211; 70z\u0142 (standard)<br>&#8211; 35z\u0142 (dla os\u00f3b 65+)<\/p>\n\n\n\n<p><strong>Przy pierwszym zapisie<\/strong> pobierane jest wpisowe w wysoko\u015bci 30z\u0142 (niezale\u017cnie od wieku).<\/p>\n\n\n\n<p><strong>Nr konta: <\/strong><br>Bank BNP Paribas<br>18 2030 0045 1110 0000 0279 3090<br>(w tytule: imi\u0119 nazwisko sk\u0142adka cz\u0142onkowska)<\/p>\n\n\n\n<p>Podanie o kart\u0119 cz\u0142onkowsk\u0105 dost\u0119pne w formacie .pdf (nowy formularz): <a href=\"https:\/\/automobilklubtorunski.pl\/pdfy\/karta-2026.pdf\" data-type=\"link\" data-id=\"https:\/\/automobilklubtorunski.pl\/pdfy\/karta.pdf\" target=\"_blank\" rel=\"noreferrer noopener\">POBIERZ<\/a><\/p>\n\n\n\n<p>Deklaracje mo\u017cna sk\u0142ada\u0107 osobi\u015bcie w siedzibie klubu lub wys\u0142a\u0107 skan na adres mailowy: <a href=\"mailto:at@automobilklubtorunski.pl\">at@automobilklubtorunski.pl<\/a><\/p>\n<\/div><\/div>\n\n\n\n<p><\/p>\n","protected":false},"excerpt":{"rendered":"<p>Wysoko\u015b\u0107 sk\u0142adek: &#8211; 70z\u0142 (standard)&#8211; 35z\u0142 (dla os\u00f3b 65+) Przy pierwszym zapisie pobierane jest wpisowe w wysoko\u015bci 30z\u0142 (niezale\u017cnie od wieku). Nr konta: Bank BNP Paribas18 2030 0045 1110 0000 0279 3090(w tytule: imi\u0119 nazwisko sk\u0142adka cz\u0142onkowska) Podanie o kart\u0119 &hellip; <a href=\"https:\/\/automobilklubtorunski.pl\/atwp\/karta-czlonkowska\/\">Czytaj dalej <span class=\"meta-nav\">&rarr;<\/span><\/a><\/p>\n","protected":false},"author":1,"featured_media":0,"parent":0,"menu_order":0,"comment_status":"closed","ping_status":"closed","template":"","meta":{"footnotes":""},"class_list":["post-69","page","type-page","status-publish","hentry"],"_links":{"self":[{"href":"https:\/\/automobilklubtorunski.pl\/atwp\/wp-json\/wp\/v2\/pages\/69","targetHints":{"allow":["GET"]}}],"collection":[{"href":"https:\/\/automobilklubtorunski.pl\/atwp\/wp-json\/wp\/v2\/pages"}],"about":[{"href":"https:\/\/automobilklubtorunski.pl\/atwp\/wp-json\/wp\/v2\/types\/page"}],"author":[{"embeddable":true,"href":"https:\/\/automobilklubtorunski.pl\/atwp\/wp-json\/wp\/v2\/users\/1"}],"replies":[{"embeddable":true,"href":"https:\/\/automobilklubtorunski.pl\/atwp\/wp-json\/wp\/v2\/comments?post=69"}],"version-history":[{"count":5,"href":"https:\/\/automobilklubtorunski.pl\/atwp\/wp-json\/wp\/v2\/pages\/69\/revisions"}],"predecessor-version":[{"id":152,"href":"https:\/\/automobilklubtorunski.pl\/atwp\/wp-json\/wp\/v2\/pages\/69\/revisions\/152"}],"wp:attachment":[{"href":"https:\/\/automobilklubtorunski.pl\/atwp\/wp-json\/wp\/v2\/media?parent=69"}],"curies":[{"name":"wp","href":"https:\/\/api.w.org\/{rel}","templated":true}]}}