{"id":37,"date":"2026-02-03T20:37:57","date_gmt":"2026-02-03T20:37:57","guid":{"rendered":"https:\/\/automobilklubtorunski.pl\/atwp\/?page_id=37"},"modified":"2026-02-18T13:20:50","modified_gmt":"2026-02-18T13:20:50","slug":"kontakt","status":"publish","type":"page","link":"https:\/\/automobilklubtorunski.pl\/atwp\/kontakt\/","title":{"rendered":"Kontakt"},"content":{"rendered":"\n<p><strong>Automobilklub Toru\u0144ski<\/strong><br>ul. Ducha \u015awi\u0119tego 5<br>87-100 Toru\u0144<\/p>\n\n\n\n<p>+48 601 673 887<br>+48 56 622 83 61<br>+48 509 242 744 (AT delegatura Z\u0142awie\u015b Wielka)<br>e-mail: <a href=\"mailto:at@automobilklubtorunski.pl\">at@automobilklubtorunski.pl<\/a><\/p>\n\n\n\n<p>NIP: 879-017-11-53<br>REGON: 001061512<br>KRS: 0000019805<\/p>\n\n\n\n<p>Bank BNP Paribas<br>18 2030 0045 1110 0000 0279 3090<\/p>\n","protected":false},"excerpt":{"rendered":"<p>Automobilklub Toru\u0144skiul. Ducha \u015awi\u0119tego 587-100 Toru\u0144 +48 601 673 887+48 56 622 83 61+48 509 242 744 (AT delegatura Z\u0142awie\u015b Wielka)e-mail: at@automobilklubtorunski.pl NIP: 879-017-11-53REGON: 001061512KRS: 0000019805 Bank BNP Paribas18 2030 0045 1110 0000 0279 3090<\/p>\n","protected":false},"author":1,"featured_media":0,"parent":0,"menu_order":0,"comment_status":"closed","ping_status":"closed","template":"","meta":{"footnotes":""},"class_list":["post-37","page","type-page","status-publish","hentry"],"_links":{"self":[{"href":"https:\/\/automobilklubtorunski.pl\/atwp\/wp-json\/wp\/v2\/pages\/37","targetHints":{"allow":["GET"]}}],"collection":[{"href":"https:\/\/automobilklubtorunski.pl\/atwp\/wp-json\/wp\/v2\/pages"}],"about":[{"href":"https:\/\/automobilklubtorunski.pl\/atwp\/wp-json\/wp\/v2\/types\/page"}],"author":[{"embeddable":true,"href":"https:\/\/automobilklubtorunski.pl\/atwp\/wp-json\/wp\/v2\/users\/1"}],"replies":[{"embeddable":true,"href":"https:\/\/automobilklubtorunski.pl\/atwp\/wp-json\/wp\/v2\/comments?post=37"}],"version-history":[{"count":5,"href":"https:\/\/automobilklubtorunski.pl\/atwp\/wp-json\/wp\/v2\/pages\/37\/revisions"}],"predecessor-version":[{"id":137,"href":"https:\/\/automobilklubtorunski.pl\/atwp\/wp-json\/wp\/v2\/pages\/37\/revisions\/137"}],"wp:attachment":[{"href":"https:\/\/automobilklubtorunski.pl\/atwp\/wp-json\/wp\/v2\/media?parent=37"}],"curies":[{"name":"wp","href":"https:\/\/api.w.org\/{rel}","templated":true}]}}