{"id":34,"date":"2026-02-03T20:37:57","date_gmt":"2026-02-03T20:37:57","guid":{"rendered":"https:\/\/automobilklubtorunski.pl\/atwp\/?page_id=34"},"modified":"2026-02-05T10:39:09","modified_gmt":"2026-02-05T10:39:09","slug":"zarzad-i-komisje","status":"publish","type":"page","link":"https:\/\/automobilklubtorunski.pl\/atwp\/zarzad-i-komisje\/","title":{"rendered":"Zarz\u0105d i komisje"},"content":{"rendered":"\n<p><strong><em>Zarz\u0105d:<\/em><\/strong><br>Jacek Po\u0142omka &#8211; Prezes Zarz\u0105du<br>Czes\u0142aw Nosewicz &#8211; Wiceprezes Zarz\u0105du\/Skarbnik<br>Joanna Moczulska &#8211; Wiceprezes Zarz\u0105du\/Sekretarz<br>Maciej Wrzeszykowski &#8211; Wiceprezes Zarz\u0105du\/Prezes Del. Z\u0142awie\u015b Wielka<br>Piotr Majewski &#8211; Cz\u0142onek Zarz\u0105du\/Rzecznik PRASOWY<br>Beata Czynsz &#8211; Cz\u0142onek Zarz\u0105du<br>Jan Rochon &#8211; Cz\u0142onek Zarz\u0105du<\/p>\n\n\n\n<p><strong><em>Komisja rewizyjna:<\/em><\/strong><br>Zbigniew Ligocki &#8211; Przewodnicz\u0105cy<br>Damian Sikorski &#8211; zast\u0119pca<br>Jaros\u0142aw Grabowski &#8211; cz\u0142onek<\/p>\n\n\n\n<p><strong><em>Komisja BRD i Ratownictwa Drogowego:<\/em><\/strong><br>Wies\u0142aw Szymanek &#8211; Przewodnicz\u0105cy Komisji BRD &#8211; Ratownik PRM<br><em>Zadania komisji:<\/em><br>1. Zabezpieczenie imprez organizowanych przez Automobilklub Toru\u0144ski,<br>2. Szkolenie klub\u00f3w PZM w celu uzyskania tytu\u0142u Ratownika Drogowego PZM oraz doszkalanie Ratownik\u00f3w Drogowych,<br>3. Zabezpieczenie imprez organizowanych przez inne podmioty, kt\u00f3re nawi\u0105\u017c\u0105 wsp\u00f3\u0142prac\u0119 z Automobilklubem Toru\u0144skim.<\/p>\n","protected":false},"excerpt":{"rendered":"<p>Zarz\u0105d:Jacek Po\u0142omka &#8211; Prezes Zarz\u0105duCzes\u0142aw Nosewicz &#8211; Wiceprezes Zarz\u0105du\/SkarbnikJoanna Moczulska &#8211; Wiceprezes Zarz\u0105du\/SekretarzMaciej Wrzeszykowski &#8211; Wiceprezes Zarz\u0105du\/Prezes Del. Z\u0142awie\u015b WielkaPiotr Majewski &#8211; Cz\u0142onek Zarz\u0105du\/Rzecznik PRASOWYBeata Czynsz &#8211; Cz\u0142onek Zarz\u0105duJan Rochon &#8211; Cz\u0142onek Zarz\u0105du Komisja rewizyjna:Zbigniew Ligocki &#8211; Przewodnicz\u0105cyDamian Sikorski &#8211; &hellip; <a href=\"https:\/\/automobilklubtorunski.pl\/atwp\/zarzad-i-komisje\/\">Czytaj dalej <span class=\"meta-nav\">&rarr;<\/span><\/a><\/p>\n","protected":false},"author":1,"featured_media":0,"parent":0,"menu_order":0,"comment_status":"closed","ping_status":"closed","template":"","meta":{"footnotes":""},"class_list":["post-34","page","type-page","status-publish","hentry"],"_links":{"self":[{"href":"https:\/\/automobilklubtorunski.pl\/atwp\/wp-json\/wp\/v2\/pages\/34","targetHints":{"allow":["GET"]}}],"collection":[{"href":"https:\/\/automobilklubtorunski.pl\/atwp\/wp-json\/wp\/v2\/pages"}],"about":[{"href":"https:\/\/automobilklubtorunski.pl\/atwp\/wp-json\/wp\/v2\/types\/page"}],"author":[{"embeddable":true,"href":"https:\/\/automobilklubtorunski.pl\/atwp\/wp-json\/wp\/v2\/users\/1"}],"replies":[{"embeddable":true,"href":"https:\/\/automobilklubtorunski.pl\/atwp\/wp-json\/wp\/v2\/comments?post=34"}],"version-history":[{"count":3,"href":"https:\/\/automobilklubtorunski.pl\/atwp\/wp-json\/wp\/v2\/pages\/34\/revisions"}],"predecessor-version":[{"id":64,"href":"https:\/\/automobilklubtorunski.pl\/atwp\/wp-json\/wp\/v2\/pages\/34\/revisions\/64"}],"wp:attachment":[{"href":"https:\/\/automobilklubtorunski.pl\/atwp\/wp-json\/wp\/v2\/media?parent=34"}],"curies":[{"name":"wp","href":"https:\/\/api.w.org\/{rel}","templated":true}]}}